{"id":971,"date":"2021-05-05T08:56:08","date_gmt":"2021-05-05T08:56:08","guid":{"rendered":"https:\/\/residenciasantperederibes.es\/?page_id=971"},"modified":"2024-03-11T10:22:03","modified_gmt":"2024-03-11T10:22:03","slug":"instalacions","status":"publish","type":"page","link":"https:\/\/residenciasantperederibes.es\/ca\/instalacions\/","title":{"rendered":"Instal\u00b7lacions"},"content":{"rendered":"<div class=\"wpb-content-wrapper\"><p>[vc_row css_animation=&#8221;element_from_bottom&#8221; row_type=&#8221;row&#8221; use_row_as_full_screen_section=&#8221;no&#8221; type=&#8221;grid&#8221; angled_section=&#8221;no&#8221; text_align=&#8221;left&#8221; background_image_as_pattern=&#8221;without_pattern&#8221; z_index=&#8221;&#8221; background_image=&#8221;2579&#8243;][vc_column][vc_empty_space height=&#8221;200&#8243;][vc_column_text][\/vc_column_text][vc_empty_space height=&#8221;200px&#8221;][\/vc_column][\/vc_row][vc_row css_animation=&#8221;&#8221; row_type=&#8221;row&#8221; use_row_as_full_screen_section=&#8221;no&#8221; type=&#8221;full_width&#8221; angled_section=&#8221;no&#8221; text_align=&#8221;left&#8221; background_image_as_pattern=&#8221;without_pattern&#8221;][vc_column][vc_empty_space height=&#8221;50&#8243;][vc_column_text]<\/p>\n<h1 style=\"text-align: center;\"><span style=\"color: #464c4b;\"><strong>INSTALACIONES<\/strong><\/span><\/h1>\n<p>[\/vc_column_text][vc_separator type=&#8221;small&#8221; position=&#8221;center&#8221; color=&#8221;#464c4b&#8221; thickness=&#8221;1,5&#8243; width=&#8221;20&#8243;][vc_empty_space height=&#8221;50&#8243;][\/vc_column][\/vc_row][vc_row css_animation=&#8221;&#8221; row_type=&#8221;row&#8221; use_row_as_full_screen_section=&#8221;no&#8221; type=&#8221;grid&#8221; angled_section=&#8221;no&#8221; text_align=&#8221;left&#8221; background_image_as_pattern=&#8221;without_pattern&#8221; z_index=&#8221;&#8221;][vc_column][vc_column_text]<\/p>\n<div class=\"flex-1 overflow-hidden\">\n<div class=\"react-scroll-to-bottom--css-rdoxn-79elbk h-full\">\n<div class=\"react-scroll-to-bottom--css-rdoxn-1n7m0yu\">\n<div class=\"flex flex-col pb-9 text-sm\">\n<div class=\"w-full text-token-text-primary\" data-testid=\"conversation-turn-7\">\n<div class=\"px-4 py-2 justify-center text-base md:gap-6 m-auto\">\n<div class=\"flex flex-1 text-base mx-auto gap-3 md:px-5 lg:px-1 xl:px-5 md:max-w-3xl lg:max-w-[40rem] xl:max-w-[48rem] group final-completion\">\n<div class=\"relative flex w-full flex-col lg:w-[calc(100%-115px)] agent-turn\">\n<div class=\"flex-col gap-1 md:gap-3\">\n<div class=\"flex flex-grow flex-col max-w-full\">\n<div class=\"min-h-[20px] text-message flex flex-col items-start gap-3 whitespace-pre-wrap break-words [.text-message+&amp;]:mt-5 overflow-x-auto\" data-message-author-role=\"assistant\" data-message-id=\"41cff79b-99b3-4437-b21b-bf085c075f4d\">\n<div class=\"markdown prose w-full break-words dark:prose-invert light\">\n<p><span style=\"color: #008000;\"><strong>Resid\u00e8ncia Cugat Residencial: El teu Refugi a la Costa, a Pocs quil\u00f2metres de Sitges<\/strong><\/span><\/p>\n<p>&nbsp;<\/p>\n<p>A la Resid\u00e8ncia Cugat Residencial, <span class=\"hiddenGrammarError\">hem<\/span>\u00a0dissenyat minuciosament les nostres instal\u00b7lacions perqu\u00e8 els nostres residents i les seves fam\u00edlies se sentin com a casa seva. Oferim un entorn que combina la bellesa de la nostra proximitat al mar, habitacions modernes i completament equipades, una cuina\u00a0d&#8217;alta\u00a0qualitat i menjadors acollidors. A m\u00e9s, la nostra ubicaci\u00f3 estrat\u00e8gica a Vilanova i la Geltr\u00fa, a tan sols uns minuts de Sitges, ofereix un acc\u00e9s excepcional tant des de Sitges com des de Sant Pere de Ribes.<\/p>\n<p>&nbsp;<\/p>\n<p>La proximitat al mar converteix<strong> Cugat Residencial<\/strong> en un aut\u00e8ntic oasi de serenitat i bellesa natural. A poca dist\u00e0ncia a peu, trobareu el passeig mar\u00edtim de Vilanova i la Geltr\u00fa, on els nostres residents poden fer agradables passejades, gaudir de l&#8217;aire lliure i connectar-vos amb la natura i el mar. La nostra ubicaci\u00f3 ofereix un entorn relaxant i propici per dur a terme totes les nostres activitats aix\u00ed com per compartir moments especials en fam\u00edlia.<\/p>\n<p>&nbsp;<\/p>\n<p>Les nostres habitacions a <strong>Cugat Residencial <\/strong>han estat dissenyades parant especial atenci\u00f3 a la comoditat i l&#8217;eleg\u00e0ncia. S\u00f3n modernes i sofisticades, equipades amb totes les comoditats necess\u00e0ries perqu\u00e8 els nostres residents se sentin com a casa. Cada habitaci\u00f3 est\u00e0 meticulosament moblada i compta amb instal\u00b7lacions modernes, brindant un espai personalitzat i acollidor per a cada resident.<\/p>\n<p>&nbsp;<\/p>\n<p>La nostra espaiosa cuina \u00e9s el cor de la resid\u00e8ncia. Aqu\u00ed, el nostre talent\u00f3s equip de cuina prepara exquisits menjars utilitzant ingredients frescos i d&#8217;alta qualitat. Ens esforcem per oferir una experi\u00e8ncia culin\u00e0ria excepcional, adaptant-nos a les necessitats i prefer\u00e8ncies de cada resident. Els nostres menjadors s\u00f3n espais amplis i confortables, on els residents poden gaudir dels \u00e0pats en un ambient agradable i social.<\/p>\n<p>&nbsp;<\/p>\n<p>Descobreix per qu\u00e8 som l&#8217;opci\u00f3 preferida dels que busquen una resid\u00e8ncia de qualitat a la costa, a pocs quil\u00f2metres de Sitges. Posa&#8217;t en contacte amb nosaltres avui mateix per obtenir m\u00e9s informaci\u00f3 sobre els nostres serveis i les comoditats que oferim a <strong>Cugat Residencial<\/strong>.<\/p>\n<\/div>\n<\/div>\n<\/div>\n<div class=\"mt-1 flex justify-start gap-3 empty:hidden\">\n<div class=\"text-gray-400 flex self-end lg:self-center justify-center lg:justify-start mt-0 -ml-1 visible\">\n<p>&nbsp;<\/p>\n<div class=\"flex items-center gap-1.5 text-xs\"><\/div>\n<\/div>\n<\/div>\n<\/div>\n<div class=\"absolute\">\n<div class=\"flex w-full gap-2 items-center justify-center\"><\/div>\n<\/div>\n<\/div>\n<\/div>\n<\/div>\n<\/div>\n<\/div>\n<\/div>\n<\/div>\n<\/div>\n<div class=\"w-full pt-2 md:pt-0 dark:border-white\/20 md:border-transparent md:dark:border-transparent md:w-[calc(100%-.5rem)]\">\n<form class=\"stretch mx-2 flex flex-row gap-3 last:mb-2 md:mx-4 md:last:mb-6 lg:mx-auto lg:max-w-2xl xl:max-w-3xl\">\n<div class=\"relative flex h-full flex-1 items-stretch md:flex-col\">\n<div class=\"flex w-full items-center\"><\/div>\n<\/div>\n<\/form>\n<\/div>\n<p>[\/vc_column_text][\/vc_column][\/vc_row][vc_row css_animation=&#8221;&#8221; row_type=&#8221;row&#8221; use_row_as_full_screen_section=&#8221;no&#8221; type=&#8221;full_width&#8221; angled_section=&#8221;no&#8221; text_align=&#8221;left&#8221; background_image_as_pattern=&#8221;without_pattern&#8221;][vc_column][vc_empty_space height=&#8221;50&#8243;][\/vc_column][\/vc_row][vc_row css_animation=&#8221;&#8221; row_type=&#8221;row&#8221; use_row_as_full_screen_section=&#8221;no&#8221; type=&#8221;grid&#8221; angled_section=&#8221;no&#8221; text_align=&#8221;left&#8221; background_image_as_pattern=&#8221;without_pattern&#8221; z_index=&#8221;&#8221;][vc_column width=&#8221;1\/2&#8243;][vc_single_image image=&#8221;2541&#8243; img_size=&#8221;530X590&#8243; qode_css_animation=&#8221;&#8221; qode_hover_animation=&#8221;zoom_in&#8221;][vc_empty_space height=&#8221;10px&#8221;][\/vc_column][vc_column width=&#8221;1\/2&#8243;][vc_single_image image=&#8221;2573&#8243; img_size=&#8221;530&#215;290&#8243; qode_css_animation=&#8221;&#8221; qode_hover_animation=&#8221;zoom_in&#8221;][vc_empty_space height=&#8221;10px&#8221;][vc_single_image image=&#8221;2491&#8243; img_size=&#8221;530&#215;290&#8243; qode_css_animation=&#8221;&#8221; qode_hover_animation=&#8221;zoom_in&#8221;][vc_empty_space height=&#8221;10px&#8221;][\/vc_column][\/vc_row][vc_row css_animation=&#8221;&#8221; row_type=&#8221;row&#8221; use_row_as_full_screen_section=&#8221;no&#8221; type=&#8221;full_width&#8221; angled_section=&#8221;no&#8221; text_align=&#8221;left&#8221; background_image_as_pattern=&#8221;without_pattern&#8221;][vc_column][vc_empty_space height=&#8221;50&#8243;][\/vc_column][\/vc_row][vc_row css_animation=&#8221;&#8221; row_type=&#8221;row&#8221; use_row_as_full_screen_section=&#8221;no&#8221; type=&#8221;full_width&#8221; angled_section=&#8221;no&#8221; text_align=&#8221;left&#8221; background_image_as_pattern=&#8221;without_pattern&#8221; css=&#8221;.vc_custom_1703161697000{background-color: #4b4c4b !important;}&#8221; z_index=&#8221;&#8221;][vc_column][vc_empty_space height=&#8221;60px&#8221;][vc_column_text css=&#8221;.vc_custom_1710152518089{padding-right: 50px !important;padding-left: 50px !important;}&#8221;]<\/p>\n<h5 style=\"text-align: center;\"><span style=\"color: #ffffff;\"><strong><em>El nostre objectiu \u00e9s proporcionar un entorn excepcional on els nostres residents puguin viure amb comoditat, tranquil\u00b7litat i benestar.<br \/>\nVine i descobreix l&#8217;experi\u00e8ncia \u00fanica que oferim a Cugat Residencial!<\/em><\/strong><\/span><\/h5>\n<p>[\/vc_column_text][vc_empty_space height=&#8221;60px&#8221;][\/vc_column][\/vc_row][vc_row css_animation=&#8221;element_from_bottom&#8221; row_type=&#8221;row&#8221; use_row_as_full_screen_section=&#8221;no&#8221; type=&#8221;grid&#8221; angled_section=&#8221;no&#8221; text_align=&#8221;center&#8221; background_image_as_pattern=&#8221;without_pattern&#8221; z_index=&#8221;&#8221; css=&#8221;.vc_custom_1703161622190{background-color: #174574 !important;}&#8221;][vc_column][vc_empty_space height=&#8221;60px&#8221;][vc_hoverbox image=&#8221;2521&#8243; primary_title=&#8221;Exteriors&#8221; primary_title_font_container=&#8221;color:%23000000&#8243; hover_title=&#8221;&#8221; shape=&#8221;square&#8221; hover_background_color=&#8221;custom&#8221; el_width=&#8221;80&#8243; hover_custom_background=&#8221;#ffffff&#8221;]Estem envoltats\u00a0d&#8217;amplis\u00a0jardins on el resident pot gaudir de la natura en plenitud.[\/vc_hoverbox][vc_empty_space height=&#8221;60px&#8221;][\/vc_column][\/vc_row][vc_row css_animation=&#8221;element_from_bottom&#8221; row_type=&#8221;row&#8221; use_row_as_full_screen_section=&#8221;no&#8221; type=&#8221;grid&#8221; angled_section=&#8221;no&#8221; text_align=&#8221;center&#8221; background_image_as_pattern=&#8221;without_pattern&#8221; z_index=&#8221;&#8221; css=&#8221;.vc_custom_1703161333012{background-color: #174574 !important;}&#8221;][vc_column width=&#8221;1\/3&#8243;][vc_empty_space height=&#8221;60px&#8221;][vc_single_image image=&#8221;2563&#8243; img_size=&#8221;333&#215;333&#8243; alignment=&#8221;center&#8221; qode_css_animation=&#8221;&#8221; qode_hover_animation=&#8221;zoom_in&#8221;][vc_empty_space height=&#8221;60px&#8221;][\/vc_column][vc_column width=&#8221;1\/3&#8243;][vc_empty_space height=&#8221;60px&#8221;][vc_single_image image=&#8221;2489&#8243; img_size=&#8221;333&#215;333&#8243; alignment=&#8221;center&#8221; qode_css_animation=&#8221;&#8221; qode_hover_animation=&#8221;zoom_in&#8221;][vc_empty_space height=&#8221;60px&#8221;][\/vc_column][vc_column width=&#8221;1\/3&#8243;][vc_empty_space height=&#8221;60px&#8221;][vc_single_image image=&#8221;2565&#8243; img_size=&#8221;333&#215;333&#8243; alignment=&#8221;center&#8221; onclick=&#8221;link_image&#8221; qode_css_animation=&#8221;&#8221; qode_hover_animation=&#8221;zoom_in&#8221;][vc_empty_space height=&#8221;60px&#8221;][\/vc_column][\/vc_row][vc_row css_animation=&#8221;element_from_bottom&#8221; row_type=&#8221;row&#8221; use_row_as_full_screen_section=&#8221;no&#8221; type=&#8221;grid&#8221; angled_section=&#8221;no&#8221; text_align=&#8221;center&#8221; background_image_as_pattern=&#8221;without_pattern&#8221; z_index=&#8221;&#8221; css=&#8221;.vc_custom_1703161342765{background-color: #174574 !important;}&#8221;][vc_column][vc_empty_space height=&#8221;60px&#8221;][vc_hoverbox image=&#8221;2579&#8243; primary_title=&#8221;Habitacions&#8221; primary_title_font_container=&#8221;color:%23000000&#8243; hover_title=&#8221;&#8221; shape=&#8221;square&#8221; hover_background_color=&#8221;custom&#8221; el_width=&#8221;80&#8243; hover_custom_background=&#8221;#ffffff&#8221;]Disposem d&#8217;habitacions individuals i dobles, totes amb bany adaptat al seu interior. Dissenyades pensant en la seguretat i la comoditat dels usuaris.[\/vc_hoverbox][vc_empty_space height=&#8221;60px&#8221;][\/vc_column][\/vc_row][vc_row css_animation=&#8221;element_from_bottom&#8221; row_type=&#8221;row&#8221; use_row_as_full_screen_section=&#8221;no&#8221; type=&#8221;grid&#8221; angled_section=&#8221;no&#8221; text_align=&#8221;center&#8221; background_image_as_pattern=&#8221;without_pattern&#8221; z_index=&#8221;&#8221; css=&#8221;.vc_custom_1703161353283{background-color: #174574 !important;}&#8221;][vc_column width=&#8221;1\/3&#8243;][vc_empty_space height=&#8221;60px&#8221;][vc_single_image image=&#8221;2513&#8243; img_size=&#8221;333&#215;333&#8243; alignment=&#8221;center&#8221; qode_css_animation=&#8221;&#8221; qode_hover_animation=&#8221;zoom_in&#8221;][vc_empty_space height=&#8221;60px&#8221;][\/vc_column][vc_column width=&#8221;1\/3&#8243;][vc_empty_space height=&#8221;60px&#8221;][vc_single_image image=&#8221;2577&#8243; img_size=&#8221;333&#215;333&#8243; alignment=&#8221;center&#8221; qode_css_animation=&#8221;&#8221; qode_hover_animation=&#8221;zoom_in&#8221;][vc_empty_space height=&#8221;60px&#8221;][\/vc_column][vc_column width=&#8221;1\/3&#8243;][vc_empty_space height=&#8221;60px&#8221;][vc_single_image image=&#8221;2515&#8243; img_size=&#8221;333&#215;333&#8243; alignment=&#8221;center&#8221; qode_css_animation=&#8221;&#8221; qode_hover_animation=&#8221;zoom_in&#8221;][vc_empty_space height=&#8221;60px&#8221;][\/vc_column][\/vc_row][vc_row css_animation=&#8221;element_from_bottom&#8221; row_type=&#8221;row&#8221; use_row_as_full_screen_section=&#8221;no&#8221; type=&#8221;grid&#8221; angled_section=&#8221;no&#8221; text_align=&#8221;center&#8221; background_image_as_pattern=&#8221;without_pattern&#8221; z_index=&#8221;&#8221; css=&#8221;.vc_custom_1703161363509{background-color: #174574 !important;}&#8221;][vc_column][vc_empty_space height=&#8221;60px&#8221;][vc_hoverbox image=&#8221;2491&#8243; primary_title=&#8221;Zonas comunes&#8221; primary_title_font_container=&#8221;color:%23000000&#8243; hover_title=&#8221;&#8221; shape=&#8221;square&#8221; hover_background_color=&#8221;custom&#8221; el_width=&#8221;80&#8243; hover_custom_background=&#8221;#ffffff&#8221;]<span style=\"color: #333333;\">Las zonas comunes est\u00e1n adaptadas a las necesidades de los usuarios, planificando la atenci\u00f3n al residente desde el conocimiento de la persona, su historia de vida, estado f\u00edsico, gustos y preferencias.<\/span>[\/vc_hoverbox][vc_empty_space height=&#8221;60px&#8221;][\/vc_column][\/vc_row][vc_row css_animation=&#8221;element_from_bottom&#8221; row_type=&#8221;row&#8221; use_row_as_full_screen_section=&#8221;no&#8221; type=&#8221;grid&#8221; angled_section=&#8221;no&#8221; text_align=&#8221;center&#8221; background_image_as_pattern=&#8221;without_pattern&#8221; z_index=&#8221;&#8221; css=&#8221;.vc_custom_1703161373107{background-color: #174574 !important;}&#8221;][vc_column width=&#8221;1\/3&#8243;][vc_empty_space height=&#8221;60px&#8221;][vc_single_image image=&#8221;2491&#8243; img_size=&#8221;333&#215;333&#8243; alignment=&#8221;center&#8221; qode_css_animation=&#8221;&#8221; qode_hover_animation=&#8221;zoom_in&#8221;][vc_empty_space height=&#8221;60px&#8221;][\/vc_column][vc_column width=&#8221;1\/3&#8243;][vc_empty_space height=&#8221;60px&#8221;][vc_single_image image=&#8221;2493&#8243; img_size=&#8221;333&#215;333&#8243; alignment=&#8221;center&#8221; qode_css_animation=&#8221;&#8221; qode_hover_animation=&#8221;zoom_in&#8221;][vc_empty_space height=&#8221;60px&#8221;][\/vc_column][vc_column width=&#8221;1\/3&#8243;][vc_empty_space height=&#8221;60px&#8221;][vc_single_image image=&#8221;2483&#8243; img_size=&#8221;333&#215;333&#8243; alignment=&#8221;center&#8221; qode_css_animation=&#8221;&#8221; qode_hover_animation=&#8221;zoom_in&#8221;][vc_empty_space height=&#8221;60px&#8221;][\/vc_column][\/vc_row][vc_row css_animation=&#8221;element_from_bottom&#8221; row_type=&#8221;row&#8221; use_row_as_full_screen_section=&#8221;no&#8221; type=&#8221;grid&#8221; angled_section=&#8221;no&#8221; text_align=&#8221;center&#8221; background_image_as_pattern=&#8221;without_pattern&#8221; z_index=&#8221;&#8221; css=&#8221;.vc_custom_1703161382578{background-color: #174574 !important;}&#8221;][vc_column][vc_empty_space height=&#8221;60px&#8221;][vc_hoverbox image=&#8221;2511&#8243; primary_title=&#8221;Cuina&#8221; primary_title_font_container=&#8221;color:%23000000&#8243; hover_title=&#8221;&#8221; shape=&#8221;square&#8221; hover_background_color=&#8221;custom&#8221; el_width=&#8221;80&#8243; hover_custom_background=&#8221;#ffffff&#8221;]S&#8217;elaboren men\u00fas equilibrats que s&#8217;adapten a les necessitats energ\u00e8tiques, nutricionals i diet\u00e8tiques amb productes i plats de temporada.[\/vc_hoverbox][vc_empty_space height=&#8221;60px&#8221;][\/vc_column][\/vc_row][vc_row css_animation=&#8221;&#8221; row_type=&#8221;row&#8221; use_row_as_full_screen_section=&#8221;no&#8221; type=&#8221;full_width&#8221; angled_section=&#8221;no&#8221; text_align=&#8221;center&#8221; background_image_as_pattern=&#8221;without_pattern&#8221; z_index=&#8221;&#8221; css=&#8221;.vc_custom_1703161392118{background-color: #174574 !important;}&#8221;][vc_column][vc_empty_space]<a  itemprop=\"url\" href=\"https:\/\/residenciasantperederibes.es\/servicios\/\" target=\"_self\" data-hover-background-color='#e08647' data-hover-border-color='#e08647' data-hover-color='#ffffff' class=\"qbutton  default\" style=\"color: #ffffff; border-color: #e08647; background-color: #e08647;\">Veure serveis<span aria-hidden=\"true\" class=\"qode_icon_font_elegant arrow_carrot-2right qode_button_icon_element\" style=\"color: #ffffff;\" ><\/span><\/a>[vc_empty_space height=&#8221;60px&#8221;][\/vc_column][\/vc_row]<\/p>\n<\/div>","protected":false},"excerpt":{"rendered":"<p>[vc_row css_animation=&#8221;element_from_bottom&#8221; row_type=&#8221;row&#8221; use_row_as_full_screen_section=&#8221;no&#8221; type=&#8221;grid&#8221; angled_section=&#8221;no&#8221; text_align=&#8221;left&#8221; background_image_as_pattern=&#8221;without_pattern&#8221; z_index=&#8221;&#8221; background_image=&#8221;2579&#8243;][vc_column][vc_empty_space height=&#8221;200&#8243;][vc_column_text][\/vc_column_text][vc_empty_space height=&#8221;200px&#8221;][\/vc_column][\/vc_row][vc_row css_animation=&#8221;&#8221; row_type=&#8221;row&#8221; use_row_as_full_screen_section=&#8221;no&#8221; type=&#8221;full_width&#8221; angled_section=&#8221;no&#8221; text_align=&#8221;left&#8221; background_image_as_pattern=&#8221;without_pattern&#8221;][vc_column][vc_empty_space height=&#8221;50&#8243;][vc_column_text] INSTALACIONES [\/vc_column_text][vc_separator type=&#8221;small&#8221; position=&#8221;center&#8221; color=&#8221;#464c4b&#8221; thickness=&#8221;1,5&#8243; width=&#8221;20&#8243;][vc_empty_space height=&#8221;50&#8243;][\/vc_column][\/vc_row][vc_row css_animation=&#8221;&#8221; row_type=&#8221;row&#8221; use_row_as_full_screen_section=&#8221;no&#8221; type=&#8221;grid&#8221; angled_section=&#8221;no&#8221; text_align=&#8221;left&#8221; background_image_as_pattern=&#8221;without_pattern&#8221; z_index=&#8221;&#8221;][vc_column][vc_column_text] Resid\u00e8ncia Cugat Residencial: El teu Refugi a la Costa,&#8230;<\/p>\n","protected":false},"author":2,"featured_media":0,"parent":0,"menu_order":0,"comment_status":"closed","ping_status":"closed","template":"full_width.php","meta":{"footnotes":""},"yst_prominent_words":[],"class_list":["post-971","page","type-page","status-publish","hentry"],"_links":{"self":[{"href":"https:\/\/residenciasantperederibes.es\/ca\/wp-json\/wp\/v2\/pages\/971","targetHints":{"allow":["GET"]}}],"collection":[{"href":"https:\/\/residenciasantperederibes.es\/ca\/wp-json\/wp\/v2\/pages"}],"about":[{"href":"https:\/\/residenciasantperederibes.es\/ca\/wp-json\/wp\/v2\/types\/page"}],"author":[{"embeddable":true,"href":"https:\/\/residenciasantperederibes.es\/ca\/wp-json\/wp\/v2\/users\/2"}],"replies":[{"embeddable":true,"href":"https:\/\/residenciasantperederibes.es\/ca\/wp-json\/wp\/v2\/comments?post=971"}],"version-history":[{"count":37,"href":"https:\/\/residenciasantperederibes.es\/ca\/wp-json\/wp\/v2\/pages\/971\/revisions"}],"predecessor-version":[{"id":2709,"href":"https:\/\/residenciasantperederibes.es\/ca\/wp-json\/wp\/v2\/pages\/971\/revisions\/2709"}],"wp:attachment":[{"href":"https:\/\/residenciasantperederibes.es\/ca\/wp-json\/wp\/v2\/media?parent=971"}],"wp:term":[{"taxonomy":"yst_prominent_words","embeddable":true,"href":"https:\/\/residenciasantperederibes.es\/ca\/wp-json\/wp\/v2\/yst_prominent_words?post=971"}],"curies":[{"name":"wp","href":"https:\/\/api.w.org\/{rel}","templated":true}]}}