{"id":941,"date":"2021-05-03T14:56:26","date_gmt":"2021-05-03T14:56:26","guid":{"rendered":"https:\/\/residenciasantperederibes.es\/?page_id=941"},"modified":"2024-03-08T12:18:51","modified_gmt":"2024-03-08T12:18:51","slug":"qui-som","status":"publish","type":"page","link":"https:\/\/residenciasantperederibes.es\/ca\/qui-som\/","title":{"rendered":"Qui som"},"content":{"rendered":"<div class=\"wpb-content-wrapper\"><p>[vc_row css_animation=&#8221;element_from_bottom&#8221; row_type=&#8221;row&#8221; use_row_as_full_screen_section=&#8221;no&#8221; type=&#8221;full_width&#8221; angled_section=&#8221;no&#8221; text_align=&#8221;left&#8221; background_image_as_pattern=&#8221;without_pattern&#8221; z_index=&#8221;&#8221; background_image=&#8221;2539&#8243;][vc_column][vc_empty_space height=&#8221;200&#8243;][vc_column_text][\/vc_column_text][vc_empty_space height=&#8221;200px&#8221;][\/vc_column][\/vc_row][vc_row css_animation=&#8221;&#8221; row_type=&#8221;row&#8221; use_row_as_full_screen_section=&#8221;no&#8221; type=&#8221;grid&#8221; angled_section=&#8221;no&#8221; text_align=&#8221;left&#8221; background_image_as_pattern=&#8221;without_pattern&#8221; z_index=&#8221;&#8221;][vc_column][vc_empty_space height=&#8221;50px&#8221;][\/vc_column][\/vc_row][vc_row css_animation=&#8221;&#8221; row_type=&#8221;row&#8221; use_row_as_full_screen_section=&#8221;no&#8221; type=&#8221;grid&#8221; angled_section=&#8221;no&#8221; text_align=&#8221;left&#8221; background_image_as_pattern=&#8221;without_pattern&#8221; z_index=&#8221;&#8221;][vc_column][vc_empty_space height=&#8221;50px&#8221;][vc_column_text]<\/p>\n<h1 style=\"text-align: center;\"><span style=\"color: #464c4b;\"><strong>QUI SOM<\/strong><\/span><\/h1>\n<p>[\/vc_column_text][vc_separator type=&#8221;small&#8221; position=&#8221;center&#8221; color=&#8221;#464c4b&#8221; thickness=&#8221;1,5&#8243; width=&#8221;20&#8243;][vc_empty_space height=&#8221;50px&#8221;][\/vc_column][\/vc_row][vc_row css_animation=&#8221;&#8221; row_type=&#8221;row&#8221; use_row_as_full_screen_section=&#8221;no&#8221; type=&#8221;grid&#8221; angled_section=&#8221;no&#8221; text_align=&#8221;left&#8221; background_image_as_pattern=&#8221;without_pattern&#8221; z_index=&#8221;&#8221;][vc_column][vc_column_text]<\/p>\n<p class=\"tw-data-text tw-text-large tw-ta\" dir=\"ltr\" data-placeholder=\"Traducci\u00f3n\"><span class=\"Y2IQFc\" lang=\"es\" style=\"color: #333333;\">La gesti\u00f3 de la Resid\u00e8ncia<\/span><span class=\"Y2IQFc\" lang=\"es\" style=\"color: #4b4c4b;\"><strong> Cugat Residencial<\/strong><span class=\"hiddenGrammarError\">es<\/span>\u00a0diferencia per ser de car\u00e0cter familiar, prioritzant la m\u00e0xima professionalitat en el tracte i cura dels nostres usuaris. La nostra resid\u00e8ncia\u00a0est\u00e0 ubicada\u00a0a l&#8217;encantadora poblaci\u00f3 de Castellarnau, creant aix\u00ed un entorn agradable i favorable per als nostres residents.<\/span><\/p>\n<p class=\"tw-data-text tw-text-large tw-ta\" dir=\"ltr\" data-placeholder=\"Traducci\u00f3n\"><span style=\"color: #333333;\">A<\/span> <span class=\"Y2IQFc\" lang=\"es\" style=\"color: #4b4c4b;\"><strong>Cugat Residencial<\/strong><\/span>, <span style=\"color: #4b4c4b;\"><span class=\"hiddenGrammarError\">la<\/span>\u00a0gent gran \u00e9s el centre de la nostra activitat i la ra\u00f3 de la nostra exist\u00e8ncia. Disposem d&#8217;un equip de professionals qualificats i compromesos, que exerceixen les funcions amb vocaci\u00f3 de servei. Ens esforcem per proporcionar un entorn proper i adequat per a cada resident.<\/span><\/p>\n<p>&nbsp;<\/p>\n<p><span style=\"color: #333333;\">A <\/span><span style=\"color: #4b4c4b;\"><span class=\"Y2IQFc\" lang=\"es\"><strong>\u00a0Cugat Residencial<\/strong><\/span><\/span><span style=\"color: #333333;\">, <span class=\"hiddenGrammarError\">ens<\/span>\u00a0comprometem a brindar un entorn c\u00e0lid, segur i professional per a cadascun dels nostres residents, promovent-ne el benestar i la qualitat de vida.<\/span>[\/vc_column_text][\/vc_column][\/vc_row][vc_row css_animation=&#8221;&#8221; row_type=&#8221;row&#8221; use_row_as_full_screen_section=&#8221;no&#8221; type=&#8221;grid&#8221; angled_section=&#8221;no&#8221; text_align=&#8221;left&#8221; background_image_as_pattern=&#8221;without_pattern&#8221; z_index=&#8221;&#8221;][vc_column][vc_empty_space height=&#8221;50px&#8221;][\/vc_column][\/vc_row][vc_row css_animation=&#8221;&#8221; row_type=&#8221;row&#8221; use_row_as_full_screen_section=&#8221;no&#8221; type=&#8221;grid&#8221; angled_section=&#8221;no&#8221; text_align=&#8221;left&#8221; background_image_as_pattern=&#8221;without_pattern&#8221; z_index=&#8221;&#8221;][vc_column][vc_single_image image=&#8221;2643&#8243; img_size=&#8221;600&#215;600&#8243; alignment=&#8221;center&#8221; qode_css_animation=&#8221;&#8221; qode_hover_animation=&#8221;zoom_in&#8221;][vc_empty_space height=&#8221;10px&#8221;][\/vc_column][\/vc_row][vc_row css_animation=&#8221;&#8221; row_type=&#8221;row&#8221; use_row_as_full_screen_section=&#8221;no&#8221; type=&#8221;grid&#8221; angled_section=&#8221;no&#8221; text_align=&#8221;left&#8221; background_image_as_pattern=&#8221;without_pattern&#8221; z_index=&#8221;&#8221;][vc_column][vc_empty_space height=&#8221;50px&#8221;][\/vc_column][\/vc_row][vc_row css_animation=&#8221;&#8221; row_type=&#8221;row&#8221; use_row_as_full_screen_section=&#8221;no&#8221; type=&#8221;grid&#8221; angled_section=&#8221;no&#8221; text_align=&#8221;left&#8221; background_image_as_pattern=&#8221;without_pattern&#8221; z_index=&#8221;&#8221; css=&#8221;.vc_custom_1689170377444{background-color: #e08647 !important;}&#8221;][vc_column][vc_empty_space height=&#8221;60px&#8221;][vc_column_text]<\/p>\n<h2 style=\"text-align: left;\"><strong><span style=\"color: #faedd4;\">EL NOSTRE EQUIP<\/span><\/strong><\/h2>\n<p>[\/vc_column_text][vc_separator type=&#8221;small&#8221; position=&#8221;left&#8221; width_in_percentages=&#8221;yes&#8221; color=&#8221;#faedd4&#8243; thickness=&#8221;1,5&#8243; width=&#8221;10&#8243;][vc_empty_space height=&#8221;60px&#8221;][\/vc_column][\/vc_row][vc_row css_animation=&#8221;element_from_bottom&#8221; row_type=&#8221;row&#8221; use_row_as_full_screen_section=&#8221;no&#8221; type=&#8221;grid&#8221; angled_section=&#8221;no&#8221; text_align=&#8221;left&#8221; background_image_as_pattern=&#8221;without_pattern&#8221; z_index=&#8221;&#8221; css=&#8221;.vc_custom_1689170388729{background-color: #e08647 !important;}&#8221;][vc_column width=&#8221;1\/6&#8243;]<div class=\"q_icon_list\"><i class=\"qode_icon_font_awesome fa fa-check qode-ili-icon-holder transparent\" style=\"color: #faedd4;\" ><\/i><p style=\"color:#faedd4;font-weight: 300;\">Direcci\u00f3 del centro<\/p><\/div>[\/vc_column][vc_column width=&#8221;1\/6&#8243;]<div class=\"q_icon_list\"><i class=\"qode_icon_font_awesome fa fa-check qode-ili-icon-holder transparent\" style=\"color: #faedd4;\" ><\/i><p style=\"color:#faedd4;font-weight: 300;\">Personal m\u00e8dic<\/p><\/div>[\/vc_column][vc_column width=&#8221;1\/6&#8243;]<div class=\"q_icon_list\"><i class=\"qode_icon_font_awesome fa fa-check qode-ili-icon-holder transparent\" style=\"color: #faedd4;\" ><\/i><p style=\"color:#faedd4;font-weight: 300;\">Treballadora social<\/p><\/div>[\/vc_column][vc_column width=&#8221;1\/6&#8243;]<div class=\"q_icon_list\"><i class=\"qode_icon_font_awesome fa fa-check qode-ili-icon-holder transparent\" style=\"color: #faedd4;\" ><\/i><p style=\"color:#faedd4;font-weight: 300;\">Terapeuta ocupacional<\/p><\/div>[\/vc_column][vc_column width=&#8221;1\/6&#8243;]<div class=\"q_icon_list\"><i class=\"qode_icon_font_awesome fa fa-check qode-ili-icon-holder transparent\" style=\"color: #faedd4;\" ><\/i><p style=\"color:#faedd4;font-weight: 300;\">Infermeria<\/p><\/div>[\/vc_column][vc_column width=&#8221;1\/6&#8243;]<div class=\"q_icon_list\"><i class=\"qode_icon_font_awesome fa fa-check qode-ili-icon-holder transparent\" style=\"color: #faedd4;\" ><\/i><p style=\"color:#faedd4;font-weight: 300;\">Fisioterapeuta<\/p><\/div>[\/vc_column][\/vc_row][vc_row css_animation=&#8221;element_from_bottom&#8221; row_type=&#8221;row&#8221; use_row_as_full_screen_section=&#8221;no&#8221; type=&#8221;grid&#8221; angled_section=&#8221;no&#8221; text_align=&#8221;left&#8221; background_image_as_pattern=&#8221;without_pattern&#8221; z_index=&#8221;&#8221; css=&#8221;.vc_custom_1689170388729{background-color: #e08647 !important;}&#8221;][vc_column width=&#8221;1\/6&#8243;]<div class=\"q_icon_list\"><i class=\"qode_icon_font_awesome fa fa-check qode-ili-icon-holder transparent\" style=\"color: #faedd4;\" ><\/i><p style=\"color:#faedd4;font-weight: 300;\">Educaci\u00f3 social<\/p><\/div>[\/vc_column][vc_column width=&#8221;1\/6&#8243;]<div class=\"q_icon_list\"><i class=\"qode_icon_font_awesome fa fa-check qode-ili-icon-holder transparent\" style=\"color: #faedd4;\" ><\/i><p style=\"color:#faedd4;font-weight: 300;\">Nutricionista<\/p><\/div>[\/vc_column][vc_column width=&#8221;1\/6&#8243;]<div class=\"q_icon_list\"><i class=\"qode_icon_font_awesome fa fa-check qode-ili-icon-holder transparent\" style=\"color: #faedd4;\" ><\/i><p style=\"color:#faedd4;font-weight: 300;\">Personal de cuina<\/p><\/div>[\/vc_column][vc_column width=&#8221;1\/6&#8243;]<div class=\"q_icon_list\"><i class=\"qode_icon_font_awesome fa fa-check qode-ili-icon-holder transparent\" style=\"color: #faedd4;\" ><\/i><p style=\"color:#faedd4;font-weight: 300;\">Auxiliar de manteniment<\/p><\/div>[\/vc_column][vc_column width=&#8221;1\/6&#8243;]<div class=\"q_icon_list\"><i class=\"qode_icon_font_awesome fa fa-check qode-ili-icon-holder transparent\" style=\"color: #faedd4;\" ><\/i><p style=\"color:#faedd4;font-weight: 300;\">Personal de neteja<\/p><\/div>[\/vc_column][vc_column width=&#8221;1\/6&#8243;]<div class=\"q_icon_list\"><i class=\"qode_icon_font_awesome fa fa-check qode-ili-icon-holder transparent\" style=\"color: #faedd4;\" ><\/i><p style=\"color:#faedd4;font-weight: 300;\">Psic\u00f2leg<\/p><\/div>[\/vc_column][\/vc_row][vc_row css_animation=&#8221;&#8221; row_type=&#8221;row&#8221; use_row_as_full_screen_section=&#8221;no&#8221; type=&#8221;full_width&#8221; angled_section=&#8221;no&#8221; text_align=&#8221;left&#8221; background_image_as_pattern=&#8221;without_pattern&#8221;][vc_column][vc_empty_space height=&#8221;90px&#8221; css=&#8221;.vc_custom_1689170420115{background-color: #e08647 !important;}&#8221;][\/vc_column][\/vc_row]<\/p>\n<\/div>","protected":false},"excerpt":{"rendered":"<p>[vc_row css_animation=&#8221;element_from_bottom&#8221; row_type=&#8221;row&#8221; use_row_as_full_screen_section=&#8221;no&#8221; type=&#8221;full_width&#8221; angled_section=&#8221;no&#8221; text_align=&#8221;left&#8221; background_image_as_pattern=&#8221;without_pattern&#8221; z_index=&#8221;&#8221; background_image=&#8221;2539&#8243;][vc_column][vc_empty_space height=&#8221;200&#8243;][vc_column_text][\/vc_column_text][vc_empty_space height=&#8221;200px&#8221;][\/vc_column][\/vc_row][vc_row css_animation=&#8221;&#8221; row_type=&#8221;row&#8221; use_row_as_full_screen_section=&#8221;no&#8221; type=&#8221;grid&#8221; angled_section=&#8221;no&#8221; text_align=&#8221;left&#8221; background_image_as_pattern=&#8221;without_pattern&#8221; z_index=&#8221;&#8221;][vc_column][vc_empty_space height=&#8221;50px&#8221;][\/vc_column][\/vc_row][vc_row css_animation=&#8221;&#8221; row_type=&#8221;row&#8221; use_row_as_full_screen_section=&#8221;no&#8221; type=&#8221;grid&#8221; angled_section=&#8221;no&#8221; text_align=&#8221;left&#8221; background_image_as_pattern=&#8221;without_pattern&#8221; z_index=&#8221;&#8221;][vc_column][vc_empty_space height=&#8221;50px&#8221;][vc_column_text] QUI SOM [\/vc_column_text][vc_separator type=&#8221;small&#8221; position=&#8221;center&#8221; color=&#8221;#464c4b&#8221; thickness=&#8221;1,5&#8243; width=&#8221;20&#8243;][vc_empty_space height=&#8221;50px&#8221;][\/vc_column][\/vc_row][vc_row css_animation=&#8221;&#8221; row_type=&#8221;row&#8221; use_row_as_full_screen_section=&#8221;no&#8221; type=&#8221;grid&#8221; angled_section=&#8221;no&#8221; text_align=&#8221;left&#8221;&#8230;<\/p>\n","protected":false},"author":2,"featured_media":0,"parent":0,"menu_order":0,"comment_status":"closed","ping_status":"closed","template":"full_width.php","meta":{"footnotes":""},"yst_prominent_words":[],"class_list":["post-941","page","type-page","status-publish","hentry"],"_links":{"self":[{"href":"https:\/\/residenciasantperederibes.es\/ca\/wp-json\/wp\/v2\/pages\/941","targetHints":{"allow":["GET"]}}],"collection":[{"href":"https:\/\/residenciasantperederibes.es\/ca\/wp-json\/wp\/v2\/pages"}],"about":[{"href":"https:\/\/residenciasantperederibes.es\/ca\/wp-json\/wp\/v2\/types\/page"}],"author":[{"embeddable":true,"href":"https:\/\/residenciasantperederibes.es\/ca\/wp-json\/wp\/v2\/users\/2"}],"replies":[{"embeddable":true,"href":"https:\/\/residenciasantperederibes.es\/ca\/wp-json\/wp\/v2\/comments?post=941"}],"version-history":[{"count":31,"href":"https:\/\/residenciasantperederibes.es\/ca\/wp-json\/wp\/v2\/pages\/941\/revisions"}],"predecessor-version":[{"id":1376,"href":"https:\/\/residenciasantperederibes.es\/ca\/wp-json\/wp\/v2\/pages\/941\/revisions\/1376"}],"wp:attachment":[{"href":"https:\/\/residenciasantperederibes.es\/ca\/wp-json\/wp\/v2\/media?parent=941"}],"wp:term":[{"taxonomy":"yst_prominent_words","embeddable":true,"href":"https:\/\/residenciasantperederibes.es\/ca\/wp-json\/wp\/v2\/yst_prominent_words?post=941"}],"curies":[{"name":"wp","href":"https:\/\/api.w.org\/{rel}","templated":true}]}}