{"id":880,"date":"2021-04-28T09:33:39","date_gmt":"2021-04-28T09:33:39","guid":{"rendered":"https:\/\/residenciasantperederibes.es\/?page_id=880"},"modified":"2024-03-11T11:12:13","modified_gmt":"2024-03-11T11:12:13","slug":"residencia-mayores-sitges-cugat-residencial","status":"publish","type":"page","link":"https:\/\/residenciasantperederibes.es\/ca\/","title":{"rendered":"Resid\u00e8ncia per a gent gran a Sant Pere de Ribes &#8211; Cugat Residencial"},"content":{"rendered":"<div class=\"wpb-content-wrapper\"><p>[vc_row css_animation=&#8221;&#8221; row_type=&#8221;row&#8221; use_row_as_full_screen_section=&#8221;no&#8221; type=&#8221;full_width&#8221; angled_section=&#8221;no&#8221; text_align=&#8221;left&#8221; background_image_as_pattern=&#8221;without_pattern&#8221; z_index=&#8221;&#8221;][vc_column][vc_single_image image=&#8221;2438&#8243; img_size=&#8221;full&#8221; qode_css_animation=&#8221;&#8221;][\/vc_column][\/vc_row][vc_row css_animation=&#8221;element_from_fade&#8221; row_type=&#8221;row&#8221; use_row_as_full_screen_section=&#8221;no&#8221; type=&#8221;grid&#8221; angled_section=&#8221;no&#8221; text_align=&#8221;left&#8221; background_image_as_pattern=&#8221;without_pattern&#8221; z_index=&#8221;&#8221;][vc_column css_animation=&#8221;none&#8221; css=&#8221;.vc_custom_1632309786869{margin-top: -100px !important;margin-right: 4% !important;padding-top: 0px !important;padding-right: 32px !important;padding-left: 32px !important;background-color: #ffffff !important;}&#8221;][vc_empty_space height=&#8221;32&#8243;][vc_column_text]<\/p>\n<h1 style=\"text-align: center;\"><span style=\"color: #4b4c4b;\"><strong>Resid\u00e8ncia Cugat Residencial<\/strong><\/span><\/h1>\n<h1 style=\"text-align: center;\"><span style=\"color: #e08647;\"><span style=\"color: #e08647;\">al costat de Sant Pere de Ribes<\/span><\/span><\/h1>\n<p>[\/vc_column_text][vc_empty_space height=&#8221;10px&#8221;][vc_column_text css=&#8221;.vc_custom_1709727585646{padding-bottom: 40px !important;}&#8221;]La Resid\u00e8ncia <strong>Cugat Residencial<\/strong>, <span class=\"hiddenGrammarError\">estrat\u00e8gicament<\/span> ubicada a Vilanova i la Geltr\u00fa, a escassos quil\u00f2metres de Sant Pere de Ribes, va iniciar la seva dedicada traject\u00f2ria l&#8217;any 1999. Des dels seus primers dies, ens hem comprom\u00e8s ferventment a complir la nostra missi\u00f3 principal: millorar la qualitat de vida dels nostres distingits residents, garantint la seva comoditat i benestar a les nostres modernes instal\u00b7lacions. Darrere d&#8217;aquest objectiu, mantenim una constant actualitzaci\u00f3 dels nostres sistemes, infraestructures i serveis d&#8217;atenci\u00f3 als nostres residents. A <strong>Cugat Residencial<\/strong>, <span class=\"hiddenGrammarError\">treballem<\/span>\u00a0incansablement per crear un ambient c\u00e0lid i familiar, on els nostres residents se sentin com a casa seva.[\/vc_column_text][vc_empty_space height=&#8221;60&#8243; el_class=&#8221;espacioOculto&#8221;][vc_raw_html]JTNDZGl2JTIwY2xhc3MlM0QlMjJjYWphSG9tZVRvcDElMjIlMjBzdHlsZSUzRCUyMiUyMiUzRSUwQSUwQSUzQ3AlMjBzdHlsZSUzRCUyMmNvbG9yJTNBJTIwJTIzNDY0YzRiJTNCJTIwZm9udC1zaXplJTNBJTIwMjBweCUzQiUyMiUzRURpc3Bvc2VtJTIwZGUlMjBjYXBhY2l0YXQlMjBwZXIlMjBhJTIwNTMlMjBwbGFjZXMuJTIwJUMzJTg5cyUyMHVuJTIwJTBBQ2VudHJlJTIwY29uY2VydGF0JTIwYW1iJTIwbGElMjBHZW5lcmFsaXRhdCUyMGRlJTIwQ2F0YWx1bnlhLiUyMERpc3Bvc2VtJTIwZGUlMjBwbGFjZXMlMjBhbWIlMjBwcmVzdGFjaSVDMyVCMyUyMGVjb24lQzMlQjJtaWNhJTIwdmluY3VsYWRhJTIwaSUyMHBsYWNlcyUyMHByaXZhZGVzLiUzQyUyRnAlM0UlMEElMjAlM0NiciUzRSUwQSUzQ3AlMjBzdHlsZSUzRCUyMmNvbG9yJTNBJTIwJTIzNDY0YzRiJTNCJTIwZm9udC1zaXplJTNBJTIwMjBweCUzQiUyMiUzRUxhJTIwUmVzaWQlQzMlQThuY2lhJTIwZXN0JUMzJUEwJTIwdWJpY2FkYSUyMGElMjBTYW50JTIwUGVyZSUyMGRlJTIwUmliZXMlMkMlMjBhJTIwcG9jcyUyMGtpbCVDMyVCMm1ldHJlcyUyMGRlJTIwU2l0Z2VzJTIwJTI4QmFyY2Vsb25hJTI5LiUzQyUyRnAlM0UlMEElMjAlM0NiciUzRSUwQSUwQSUwQSUzQyUyRmRpdiUzRQ==[\/vc_raw_html][vc_empty_space height=&#8221;45px&#8221;][\/vc_column][\/vc_row][vc_row css_animation=&#8221;&#8221; row_type=&#8221;row&#8221; use_row_as_full_screen_section=&#8221;no&#8221; type=&#8221;grid&#8221; angled_section=&#8221;no&#8221; text_align=&#8221;center&#8221; background_image_as_pattern=&#8221;without_pattern&#8221; z_index=&#8221;&#8221; background_color=&#8221;#ffffff&#8221; css=&#8221;.vc_custom_1702901812054{margin-top: 50px !important;background-color: #faedd4 !important;}&#8221;][vc_column width=&#8221;1\/2&#8243;][vc_empty_space height=&#8221;160&#8243; el_class=&#8221;dskspc120&#8243;][vc_column_text]<\/p>\n<p style=\"text-align: left;\"><span style=\"color: #333333;\"><span style=\"color: #8b3a02;\"><span style=\"color: #333333;\">La Resid\u00e8ncia<\/span><\/span><\/span><span style=\"color: #4b4c4b;\"><strong> Cugat Residencial<\/strong><span class=\"hiddenGrammarError\">va<\/span>\u00a0ser establerta amb una clara missi\u00f3: brindar un entorn propici per a la vida di\u00e0ria dels nostres apreciats residents. El nostre centre disposa\u00a0d&#8217;un\u00a0equip de cuidadors professionals dedicats, el principal enfocament del qual \u00e9s crear aut\u00e8ntiques comunitats que promoguin la salut i el benestar de totes les persones que conviuen a les nostres instal\u00b7lacions.<\/span><\/p>\n<p>&nbsp;<\/p>\n<p style=\"text-align: left;\"><span style=\"color: #333333;\">A<\/span> <span style=\"color: #4b4c4b;\"><strong>Cugat Residencial<\/strong><\/span><span style=\"color: #333333;\">, <span class=\"hiddenGrammarError\">comprenem<\/span>\u00a0la import\u00e0ncia d&#8217;oferir un ambient acollidor i enriquidor pels nostres residents. Ens esforcem per crear una veritable comunitat on es fomenti la participaci\u00f3 activa, la interacci\u00f3 social i el suport mutu. El nostre objectiu \u00e9s que cada resident se senti part d&#8217;una gran fam\u00edlia, envoltat d&#8217;un entorn c\u00e0lid i confortable.<\/span><\/p>\n<p>&nbsp;<\/p>\n<p style=\"text-align: left;\"><span style=\"color: #333333;\">A la resid\u00e8ncia<\/span> <span style=\"color: #333333;\"><span style=\"color: #4b4c4b;\"><strong>Cugat Residencial<\/strong><\/span>, <span class=\"hiddenGrammarError\">ens<\/span>\u00a0enorgulleix el nostre enfocament centrat en la creaci\u00f3 de comunitats i la promoci\u00f3 de la salut. Valorem la confian\u00e7a dipositada en nosaltres per les fam\u00edlies en triar-nos com la llar per als seus \u00e9ssers estimats. Si cerques un entorn on es prioritzi el benestar i la qualitat de vida, no dubtis a contactar amb nosaltres. Estarem encantats d&#8217;oferir-vos m\u00e9s informaci\u00f3 sobre els nostres serveis i mostrar les instal\u00b7lacions i serveis de la nostra resid\u00e8ncia.<\/span><\/p>\n<p>[\/vc_column_text][vc_empty_space height=&#8221;60px&#8221;][\/vc_column][vc_column width=&#8221;1\/2&#8243;][vc_empty_space height=&#8221;150px&#8221; el_class=&#8221;dskspc150&#8243;][vc_single_image image=&#8221;2615&#8243; img_size=&#8221;600&#215;600&#8243; alignment=&#8221;center&#8221; qode_css_animation=&#8221;&#8221; qode_hover_animation=&#8221;zoom_in&#8221;][vc_empty_space height=&#8221;25&#8243;]<a  itemprop=\"url\" href=\"https:\/\/residenciasantperederibes.es\/ca\/qui-som\/\" target=\"_self\" data-hover-background-color='#e08647' data-hover-border-color='#e08647' data-hover-color='#ffffff' class=\"qbutton  medium default\" style=\"color: #ffffff; border-color: #e08647; background-color: #e08647;\">Llegir m\u00e9s<span aria-hidden=\"true\" class=\"qode_icon_font_elegant arrow_carrot-2right qode_button_icon_element\" style=\"color: #ffffff;\" ><\/span><\/a>[vc_empty_space height=&#8221;60&#8243;][\/vc_column][\/vc_row][vc_row css_animation=&#8221;element_from_bottom&#8221; row_type=&#8221;row&#8221; use_row_as_full_screen_section=&#8221;yes&#8221; type=&#8221;grid&#8221; angled_section=&#8221;no&#8221; text_align=&#8221;center&#8221; background_image_as_pattern=&#8221;without_pattern&#8221; z_index=&#8221;&#8221; css=&#8221;.vc_custom_1702902082830{background-color: #174574 !important;}&#8221;][vc_column][vc_empty_space height=&#8221;50px&#8221;][vc_column_text]<\/p>\n<h2 style=\"text-align: center;\"><span style=\"color: #ffffff;\"><strong>Instal\u00b7lacions<\/strong><\/span><\/h2>\n<p>[\/vc_column_text][vc_empty_space height=&#8221;50px&#8221;][vc_hoverbox image=&#8221;2521&#8243; primary_title=&#8221;Exteriors&#8221; primary_title_font_container=&#8221;color:%23000000&#8243; primary_title_google_fonts=&#8221;font_family:Montserrat%3Aregular%2C700|font_style:400%20regular%3A400%3Anormal&#8221; hover_title=&#8221;&#8221; hover_title_font_container=&#8221;color:%23000000&#8243; shape=&#8221;square&#8221; hover_background_color=&#8221;white&#8221; el_width=&#8221;80&#8243; css_animation=&#8221;none&#8221; el_class=&#8221;tituloCajaDinamica&#8221; hover_title_link=&#8221;url:https%3A%2F%2Fresiangelus.com%2Finstalaciones%2F|title:Instalaciones&#8221;]Estem envoltats\u00a0d&#8217;amplis\u00a0jardins on el resident pot gaudir de la natura en plenitud.[\/vc_hoverbox][vc_empty_space][vc_hoverbox image=&#8221;2579&#8243; primary_title=&#8221;Habitacions&#8221; primary_title_font_container=&#8221;color:%23000000&#8243; hover_title=&#8221;&#8221; shape=&#8221;square&#8221; hover_background_color=&#8221;custom&#8221; el_width=&#8221;80&#8243; css_animation=&#8221;none&#8221; hover_custom_background=&#8221;#ffffff&#8221;]Disposem d&#8217;habitacions individuals i dobles, dissenyades pensant en la seguretat i comoditat dels usuaris.[\/vc_hoverbox][vc_empty_space][vc_hoverbox image=&#8221;2491&#8243; primary_title=&#8221;Zones comunes&#8221; primary_title_font_container=&#8221;color:%23000000&#8243; hover_title=&#8221;&#8221; shape=&#8221;square&#8221; hover_background_color=&#8221;custom&#8221; el_width=&#8221;80&#8243; css_animation=&#8221;none&#8221; hover_custom_background=&#8221;#ffffff&#8221;]Les zones comunes estan adaptades a les necessitats dels usuaris, planificant\u00a0l&#8217;atenci\u00f3\u00a0al resident des del coneixement de la persona, la seva hist\u00f2ria de vida, estat f\u00edsic, gustos i prefer\u00e8ncies.[\/vc_hoverbox][vc_empty_space][\/vc_column][\/vc_row][vc_row css_animation=&#8221;element_from_bottom&#8221; row_type=&#8221;row&#8221; use_row_as_full_screen_section=&#8221;no&#8221; type=&#8221;grid&#8221; angled_section=&#8221;no&#8221; text_align=&#8221;center&#8221; background_image_as_pattern=&#8221;without_pattern&#8221; z_index=&#8221;&#8221; background_color=&#8221;#006633&#8243; css=&#8221;.vc_custom_1702902149179{padding-top: 50px !important;padding-right: 50px !important;padding-bottom: 50px !important;padding-left: 50px !important;background-color: #174574 !important;}&#8221;][vc_column][vc_empty_space]<a  itemprop=\"url\" href=\"https:\/\/residenciasantperederibes.es\/ca\/instalacions\/\" target=\"_self\" data-hover-background-color='#e08647' data-hover-color='#ffffff' class=\"qbutton  medium center default\" style=\"color: #ffffff; border-color: #e08647; background-color: #e08647;\">Veure instal\u00b7lacions<span aria-hidden=\"true\" class=\"qode_icon_font_elegant arrow_carrot-2right qode_button_icon_element\" style=\"color: #ffffff;\" ><\/span><\/a>[vc_empty_space][\/vc_column][\/vc_row][vc_row css_animation=&#8221;element_from_bottom&#8221; row_type=&#8221;row&#8221; use_row_as_full_screen_section=&#8221;no&#8221; type=&#8221;grid&#8221; angled_section=&#8221;no&#8221; text_align=&#8221;left&#8221; background_image_as_pattern=&#8221;without_pattern&#8221; z_index=&#8221;&#8221; css=&#8221;.vc_custom_1703074808212{background-color: #464c4b !important;}&#8221;][vc_column][vc_empty_space][vc_column_text]<\/p>\n<h2 style=\"text-align: center;\"><span style=\"color: #ffffff;\"><strong>Serveis<\/strong><\/span><\/h2>\n<p>[\/vc_column_text][vc_empty_space][\/vc_column][\/vc_row][vc_row css_animation=&#8221;&#8221; row_type=&#8221;row&#8221; use_row_as_full_screen_section=&#8221;no&#8221; type=&#8221;grid&#8221; angled_section=&#8221;no&#8221; text_align=&#8221;center&#8221; background_image_as_pattern=&#8221;without_pattern&#8221; z_index=&#8221;&#8221; background_color=&#8221;#006633&#8243; css=&#8221;.vc_custom_1703074817684{background-color: #464c4b !important;}&#8221;][vc_column css_animation=&#8221;zoomIn&#8221; width=&#8221;1\/4&#8243;]<div class='q_icon_with_title large custom_icon_image center qode_iwt_hover_enabled '><div class=\"icon_holder \" style=\" \"><img decoding=\"async\" itemprop=\"image\" style=\"\" src=\"\" alt=\"\"><\/div><div class=\"icon_text_holder\" style=\"\"><div class=\"icon_text_inner\" style=\"\"><h3 class=\"icon_title\" style=\"color: #464c4b;font-weight: 400;\">Atenci\u00f3 m\u00e8dica<\/h3><div class=\"separator small left\" style=\"height: 2px;background-color: #464c4b;width: 20px;margin-bottom: 15px;\"><\/div><p style='color: #000000'>A la Resid\u00e8ncia disposem de servei m\u00e8dic propi<\/p><\/div><\/div><\/div>[vc_empty_space][\/vc_column][vc_column css_animation=&#8221;zoomIn&#8221; width=&#8221;1\/4&#8243;]<div class='q_icon_with_title large custom_icon_image center qode_iwt_hover_enabled '><div class=\"icon_holder \" style=\" \"><img decoding=\"async\" itemprop=\"image\" style=\"\" src=\"\" alt=\"\"><\/div><div class=\"icon_text_holder\" style=\"\"><div class=\"icon_text_inner\" style=\"\"><h3 class=\"icon_title\" style=\"color: #464c4b;font-weight: 400;\">Infermeria<\/h3><div class=\"separator small left\" style=\"height: 2px;background-color: #464c4b;width: 20px;margin-bottom: 15px;\"><\/div><p style='color: #000000'>Servei d'Infermeria propi<\/p><\/div><\/div><\/div>[vc_empty_space][\/vc_column][vc_column css_animation=&#8221;zoomIn&#8221; width=&#8221;1\/4&#8243;]<div class='q_icon_with_title large custom_icon_image center qode_iwt_hover_enabled '><div class=\"icon_holder \" style=\" \"><img decoding=\"async\" itemprop=\"image\" style=\"\" src=\"\" alt=\"\"><\/div><div class=\"icon_text_holder\" style=\"\"><div class=\"icon_text_inner\" style=\"\"><h3 class=\"icon_title\" style=\"color: #464c4b;font-weight: 400;\">Fisioterapia<\/h3><div class=\"separator small left\" style=\"height: 2px;background-color: #464c4b;width: 20px;margin-bottom: 15px;\"><\/div><p style='color: #000000'>A la Resid\u00e8ncia oferim servei de fisioter\u00e0pia personalitzada<\/p><\/div><\/div><\/div>[vc_empty_space][\/vc_column][vc_column width=&#8221;1\/4&#8243;]<div class='q_icon_with_title large custom_icon_image center qode_iwt_hover_enabled '><div class=\"icon_holder \" style=\" \"><img decoding=\"async\" itemprop=\"image\" style=\"\" src=\"\" alt=\"\"><\/div><div class=\"icon_text_holder\" style=\"\"><div class=\"icon_text_inner\" style=\"\"><h3 class=\"icon_title\" style=\"color: #464c4b;font-weight: 400;\">Psicologia<\/h3><div class=\"separator small left\" style=\"height: 2px;background-color: #464c4b;width: 20px;margin-bottom: 15px;\"><\/div><p style='color: #000000'>A la Resid\u00e8ncia oferim servei de fisioter\u00e0pia personalitzada<\/p><\/div><\/div><\/div>[\/vc_column][\/vc_row][vc_row css_animation=&#8221;element_from_bottom&#8221; row_type=&#8221;row&#8221; use_row_as_full_screen_section=&#8221;no&#8221; type=&#8221;grid&#8221; angled_section=&#8221;no&#8221; text_align=&#8221;center&#8221; background_image_as_pattern=&#8221;without_pattern&#8221; z_index=&#8221;&#8221; background_color=&#8221;#006633&#8243; css=&#8221;.vc_custom_1703074829373{padding-top: 50px !important;padding-right: 50px !important;padding-bottom: 50px !important;padding-left: 50px !important;background-color: #464c4b !important;}&#8221;][vc_column][vc_empty_space]<a  itemprop=\"url\" href=\"https:\/\/residenciasantperederibes.es\/ca\/serveis\/\" target=\"_self\" data-hover-background-color='#e08647' data-hover-border-color='#e08647' data-hover-color='#ffffff' class=\"qbutton  medium center default\" style=\"color: #ffffff; border-color: #e08647; background-color: #e08647;\">Veure tots els serveis<span aria-hidden=\"true\" class=\"qode_icon_font_elegant arrow_carrot-2right qode_button_icon_element\" style=\"color: #ffffff;\" ><\/span><\/a>[vc_empty_space][\/vc_column][\/vc_row][vc_row css_animation=&#8221;element_from_bottom&#8221; row_type=&#8221;row&#8221; use_row_as_full_screen_section=&#8221;no&#8221; type=&#8221;grid&#8221; angled_section=&#8221;no&#8221; text_align=&#8221;center&#8221; background_image_as_pattern=&#8221;without_pattern&#8221; z_index=&#8221;&#8221; background_color=&#8221;#006633&#8243; css=&#8221;.vc_custom_1703073996490{padding-top: 50px !important;padding-right: 50px !important;padding-bottom: 50px !important;padding-left: 50px !important;background-color: #faedd4 !important;}&#8221;][vc_column][vc_empty_space height=&#8221;60px&#8221;][vc_column_text]<\/p>\n<h2 style=\"text-align: center;\"><span style=\"color: #808080;\"><strong>Ens trobar\u00e0s a la localitat de Vilanova i la Geltr\u00fa<\/strong><\/span><\/h2>\n<h2 style=\"text-align: center;\"><span style=\"color: #808080;\"><strong>A 15 minuts de Barcelona i molt a prop dels accessos a les autopistes de Girona i Tarragona<\/strong><\/span><\/h2>\n<p>&nbsp;<\/p>\n<p>&nbsp;<\/p>\n<h2 style=\"text-align: center;\"><span style=\"color: #808080;\"><strong>Vine a con\u00e8ixer-nos o si ho prefereixes,<\/strong><\/span><\/h2>\n<h2 style=\"text-align: center;\"><\/h2>\n<p><a class=\"qbutton medium center enlarge\" style=\"color: #ffffff; border-color: ##e08647; background-color: #e08647; padding-left: 40px; padding-right: 40px; margin-top: 20px;\" href=\"https:\/\/residenciasantperederibes.es\/ca\/contacte\/\" target=\"_self\" rel=\"noopener\" data-hover-background-color=\"#e08647\" data-hover-border-color=\"#e08647\" data-hover-color=\"#ffffff\">CONTACTA AMB NOSALTRES \u00bb<\/a><\/p>\n<h2><\/h2>\n<h2><\/h2>\n<h2 style=\"text-align: center;\"><\/h2>\n<p>[\/vc_column_text][vc_empty_space height=&#8221;60px&#8221;][\/vc_column][\/vc_row][vc_row css_animation=&#8221;&#8221; row_type=&#8221;row&#8221; use_row_as_full_screen_section=&#8221;no&#8221; type=&#8221;full_width&#8221; angled_section=&#8221;no&#8221; text_align=&#8221;left&#8221; background_image_as_pattern=&#8221;without_pattern&#8221; z_index=&#8221;&#8221;][vc_column][vc_gmaps link=&#8221;#E-8_JTNDaWZyYW1lJTIwc3JjJTNEJTIyaHR0cHMlM0ElMkYlMkZ3d3cuZ29vZ2xlLmNvbSUyRm1hcHMlMkZlbWJlZCUzRnBiJTNEJTIxM20yJTIxMXNlbiUyMTJzZXMlMjE0djE3MDk3MjE3NTc2OTIlMjE1bTIlMjExc2VuJTIxMnNlcyUyMTZtOCUyMTFtNyUyMTFzQ0FvU0xFRkdNVkZwY0UxSU56bFRTRFZ2TXpWV05XSkVYMUJ6WkRGcmJHOXFlRGRQWDJscE1WVlVNa1ZvWmxJNSUyMTJtMiUyMTFkNDEuMjA1Mjg0NSUyMTJkMS42ODcxMDQxJTIxM2YzNDcuNzElMjE0ZjAuNjIwMDAwMDAwMDAwMDA0NSUyMTVmMC40MDAwMDAwMDAwMDAwMDAyJTIyJTIwd2lkdGglM0QlMjI2MDAlMjIlMjBoZWlnaHQlM0QlMjI0NTAlMjIlMjBzdHlsZSUzRCUyMmJvcmRlciUzQTAlM0IlMjIlMjBhbGxvd2Z1bGxzY3JlZW4lM0QlMjIlMjIlMjBsb2FkaW5nJTNEJTIybGF6eSUyMiUyMHJlZmVycmVycG9saWN5JTNEJTIybm8tcmVmZXJyZXItd2hlbi1kb3duZ3JhZGUlMjIlM0UlM0MlMkZpZnJhbWUlM0U=&#8221;][\/vc_column][\/vc_row]<\/p>\n<\/div>","protected":false},"excerpt":{"rendered":"<p>[vc_row css_animation=&#8221;&#8221; row_type=&#8221;row&#8221; use_row_as_full_screen_section=&#8221;no&#8221; type=&#8221;full_width&#8221; angled_section=&#8221;no&#8221; text_align=&#8221;left&#8221; background_image_as_pattern=&#8221;without_pattern&#8221; z_index=&#8221;&#8221;][vc_column][vc_single_image image=&#8221;2438&#8243; img_size=&#8221;full&#8221; qode_css_animation=&#8221;&#8221;][\/vc_column][\/vc_row][vc_row css_animation=&#8221;element_from_fade&#8221; row_type=&#8221;row&#8221; use_row_as_full_screen_section=&#8221;no&#8221; type=&#8221;grid&#8221; angled_section=&#8221;no&#8221; text_align=&#8221;left&#8221; background_image_as_pattern=&#8221;without_pattern&#8221; z_index=&#8221;&#8221;][vc_column css_animation=&#8221;none&#8221; css=&#8221;.vc_custom_1632309786869{margin-top: -100px !important;margin-right: 4% !important;padding-top: 0px !important;padding-right: 32px !important;padding-left: 32px !important;background-color: #ffffff !important;}&#8221;][vc_empty_space height=&#8221;32&#8243;][vc_column_text] Resid\u00e8ncia Cugat Residencial al costat de Sant Pere de Ribes&#8230;<\/p>\n","protected":false},"author":2,"featured_media":2439,"parent":0,"menu_order":0,"comment_status":"closed","ping_status":"closed","template":"full_width.php","meta":{"footnotes":""},"yst_prominent_words":[],"class_list":["post-880","page","type-page","status-publish","has-post-thumbnail","hentry"],"_links":{"self":[{"href":"https:\/\/residenciasantperederibes.es\/ca\/wp-json\/wp\/v2\/pages\/880","targetHints":{"allow":["GET"]}}],"collection":[{"href":"https:\/\/residenciasantperederibes.es\/ca\/wp-json\/wp\/v2\/pages"}],"about":[{"href":"https:\/\/residenciasantperederibes.es\/ca\/wp-json\/wp\/v2\/types\/page"}],"author":[{"embeddable":true,"href":"https:\/\/residenciasantperederibes.es\/ca\/wp-json\/wp\/v2\/users\/2"}],"replies":[{"embeddable":true,"href":"https:\/\/residenciasantperederibes.es\/ca\/wp-json\/wp\/v2\/comments?post=880"}],"version-history":[{"count":93,"href":"https:\/\/residenciasantperederibes.es\/ca\/wp-json\/wp\/v2\/pages\/880\/revisions"}],"predecessor-version":[{"id":2719,"href":"https:\/\/residenciasantperederibes.es\/ca\/wp-json\/wp\/v2\/pages\/880\/revisions\/2719"}],"wp:featuredmedia":[{"embeddable":true,"href":"https:\/\/residenciasantperederibes.es\/ca\/wp-json\/wp\/v2\/media\/2439"}],"wp:attachment":[{"href":"https:\/\/residenciasantperederibes.es\/ca\/wp-json\/wp\/v2\/media?parent=880"}],"wp:term":[{"taxonomy":"yst_prominent_words","embeddable":true,"href":"https:\/\/residenciasantperederibes.es\/ca\/wp-json\/wp\/v2\/yst_prominent_words?post=880"}],"curies":[{"name":"wp","href":"https:\/\/api.w.org\/{rel}","templated":true}]}}